{"id":3,"date":"2022-03-23T15:39:55","date_gmt":"2022-03-23T14:39:55","guid":{"rendered":"https:\/\/qualianomultiservizi.it\/?page_id=3"},"modified":"2022-04-28T19:21:22","modified_gmt":"2022-04-28T17:21:22","slug":"privacy-policy","status":"publish","type":"page","link":"https:\/\/qualianomultiservizi.it\/index.php\/privacy-policy\/","title":{"rendered":"Privacy policy"},"content":{"rendered":"<p><strong>Privacy Policy<\/strong><\/p>\n<h4>INFORMATIVA SULLA PRIVACY E SUL TRATTAMENTO DATI AI SENSI DEGLI ARTICOLI 13 E 14 Regolamento (UE) 2016\/679<\/h4>\n<p>La seguente informativa \u00e8 resa ai sensi del nuovo Regolamento (UE) 2016\/679 \u2013 codice in materia di protezione dei dati personali a coloro che interagiscono con i servizi web del sito\u00a0<a href=\"https:\/\/www.qualianomultiservizi.it\" target=\"_blank\" rel=\"noopener\">https:\/\/www.qualianomultiservizi.it<\/a><br \/>\nL\u2019informativa \u00e8 resa solo per il sito\u00a0<a href=\"https:\/\/www.qualianomultiservizi.it\" target=\"_blank\" rel=\"noopener\">https:\/\/www.qualianomultiservizi.it<\/a> e non anche per altri siti web eventualmente consultati dall\u2019utente tramite link. L\u2019informativa si ispira anche alla Raccomandazione n. 2\/2001 che le autorit\u00e0 europee per la protezione dei dati personali, riunite nel Gruppo istituto dall\u2019art 29 della direttiva n.95\/46\/CE, hanno adottato il 17 maggio 2001 per individuare alcuni requisisti minimi per la raccolta di dati personali on-line, e, in particolare, le modalit\u00e0, i tempi e la natura delle informazioni che i titolari del trattamento devono fornire agli utenti quando questi si collegano alla pagina web, indipendentemente dagli scopi del collegamento. La presente informativa si rivolge inoltre ai clienti persone fisiche e ai dipendenti, amministratori e referenti dei clienti di cui il Titolare deve trattare i dati al fine di stipula o dare seguito al contratto con persone giuridiche.<\/p>\n<h4>1) IL TITOLARE DEL TRATTAMENTO<\/h4>\n<p>Il Titolare del Trattamento \u00e8 Qualiano Multiservizi S.R.L con sede legale in via Macello n. 21 80019 Qualiano (NA) P. Iva 09781761219 tel. 0813447394 . Lei potr\u00e0 contattare, il Titolare, per l\u2019esercizio dei Suoi diritti elencati al successivo punto 7, nonch\u00e9 per ricevere qualsiasi informazione, scrivendo a:\u00a0info@qualianomultiservizi.it \u00a0pec: multiserviziqualiano@pec.it<\/p>\n<h4>2) QUALI DATI PERSONALI TRATTIAMO<\/h4>\n<p>Per le finalit\u00e0 indicate nella presente Informativa, il Titolare tratta i seguenti dati personali:<br \/>\n&#8211; Dati anagrafici: nome, cognome, indirizzo, numero di telefono, e-mail ed altri recapiti;<br \/>\n&#8211; Dati relativi ai servizi da noi erogati.<br \/>\nI Suoi dati personali trattati dal Titolare sono quelli forniti direttamente da Lei. La presente informativa copre anche i trattamenti dei Suoi dati personali acquisisti da Terzi.<\/p>\n<h4>3) FINALITA\u2019 DEL TRATTAMENTO E BASE GIURIDICA<\/h4>\n<p>I trattamenti cui saranno sottoposti i Suoi dati personali sono finalizzati esclusivamente all\u2019espletamento delle attivit\u00e0 connesse alla stipula dei contratti per la fornitura di servizi e prestazioni professionali, alla successiva gestione degli adempimenti amministrativi, contabili, fiscali, nonch\u00e9 all\u2019adempimento di obblighi previsti da leggi, regolamenti e normativa comunitaria, nonch\u00e9 da disposizioni impartite da autorit\u00e0 a ci\u00f2 legittimate dalla legge e da organi di vigilanza e controllo.<br \/>\nPer i trattamenti dei Suoi dati personali finalizzati, rispettivamente, all\u2019esecuzione del contratto e all\u2019adempimento dei connessi obblighi normativi, la base giuridica del trattamento \u00e8 costituita:<br \/>\nNell\u2019ipotesi in cui il Cliente sia una persona fisica:<br \/>\n&#8211; Dalla necessit\u00e0 di esecuzione del contratto, nel rispetto dell\u2019art. 6 paragrafo 1 lettera b), GDPR, per la gestione del contratto;<br \/>\n&#8211; Dalla necessit\u00e0 di adempimento di obblighi di legge, nel rispetto dell\u2019art. 6, paragrafo 1 lettera c), GDPR, per l\u2019adempimento degli obblighi normativi;<br \/>\nNell\u2019ipotesi in cui il cliente sia una persona giuridica:<br \/>\n&#8211; Dall\u2019interesse legittimo del Titolare a trattare i dati personali dei dipendenti, referenti o amministratori del cliente persona giuridica ai fini dell\u2019adempimento del contratto con questi sottoscritto, nel rispetto dell\u2019art. 6 paragrafo 1 lettera f) GDPR.<br \/>\n&#8211; Di conseguenza, i suoi dati personali saranno esclusivamente trattati nella misura in cui sia strettamente necessario alla gestione del rapporto in essere tra il Titolare e la Societ\u00e0 per la quale Lei opera;<br \/>\n&#8211; Dalla necessit\u00e0 di obblighi di legge, nel rispetto dell\u2019art. 6 paragrafo 1 lettera c) GDPR, per l\u2019adempimento degli obblighi normativi.<\/p>\n<h4>4) NATURA DEL CONFERIMENTO E CONSEGUENZE DI UN RIFIUTO DI CONFERIRE I DATI PERSONALI<\/h4>\n<p>Il conferimento dei Suoi dati personali \u00e8 un requisito necessario per la conclusione ed esecuzione del contratto. L\u2019eventuale mancato conferimento dei dati richiesti comporter\u00e0 l\u2019impossibilit\u00e0 per il Titolare di dare di seguito alle richieste precontrattuali\/contrattuali e di eseguire il contratto. Al contrario, il conferimento dei Suoi dati personali per l\u2019invio di comunicazioni di marketing e il rilascio del relativo consenso sono facoltativi. Un mancato conferimento di tali dati personali o la decisione di non rilasciare il consenso a tali attivit\u00e0 non impedir\u00e0 al Titolare di eseguire il contratto sottoscritto.<\/p>\n<h4>5) PERIODO DI CONSERVAZIONE DEI SUOI DATI PERSONALI<\/h4>\n<p>Il Titolare tratter\u00e0 i Suoi dati personali esclusivamente per il tempo necessario alla gestione del contratto e dei connessi adempimenti normativi. In ogni caso, i Suoi dati personali saranno conservati per non oltre due anni a partire dallo scioglimento del contratto, nel rispetto del periodo di prescrizione previsto dal codice civile italiano.<\/p>\n<h4>7) CON QUALI MODALITA\u2019 SARANNO TRATTATI I SUOI DATI PERSONALI<\/h4>\n<p>Il trattamento dei Suoi dati personali avverr\u00e0, nel rispetto delle disposizioni previste dal GDPR, mediante strumenti cartacei, informatici e telematici, con logiche strettamente correlate alla finalit\u00e0 indicate e, comunque, con modalit\u00e0 idonee a garantire la sicurezza e la riservatezza in conformit\u00e0 alle disposizioni previste dall\u2019art. 32 GDPR.<\/p>\n<h4>6) A QUALI SOGGETTI POTRANNO ESSERE COMUNICATI I SUOI DATI PERSONALI E CHI PUO\u2019 VENIRE A CONOSCENZA<\/h4>\n<p>Per il perseguimento delle finalit\u00e0 descritte al precedente punto 3, i Suoi dati personali saranno conosciuti dai dipendenti, dal personale assimilato e dai collaborati del Titolare, che operano in qualit\u00e0 di soggetti autorizzati al trattamento dei dati personali. Inoltre, i Suoi dati personali saranno trattati da soggetti appartenenti alle seguenti categorie:<br \/>\na) Soggetti di cui, a vario titolo, il Titolare si avvale per l\u2019esecuzione del contratto;<br \/>\nb) Soggetti che forniscono servizi per la gestione del sistema informatico di archiviazione dei dati personali;<br \/>\nc) Soggetti che forniscono attivit\u00e0 di consulenza legale e \/o fiscale;<br \/>\nd) Autorit\u00e0 e organi di vigilanza e controllo.<br \/>\nI soggetti appartenenti alle categorie sopra riportate operano, in alcune ipotesi, in totale autonomia come distinti titolari del Trattamento, in altre ipotesi, in qualit\u00e0 di responsabili del Trattamento appositamente nominati dal Titolare nel rispetto dell\u2019art. 28 GDPR.<br \/>\nL\u2019elenco completo e aggiornato dei soggetti a cui i Suoi dati personali possono essere comunicati pu\u00f2 essere richiesto scrivendo all\u2019indirizzo e-mail: info@qualianomultiservizi.it<\/p>\n<h4>7) COOKIES<\/h4>\n<p>Questo Sito web utilizza i cookie. I cookie sono piccoli file di testo che possono essere utilizzati dai siti web per rendere pi\u00f9 efficiente l\u2019esperienza per l\u2019utente e per personalizzare contenuti e gli annunci, fornire le funzioni dei social network e analizzare il traffico.\u00a0<a href=\"https:\/\/qualianomultiservizi.it\/index.php\/cookie-policy-ue\/\" target=\"_blank\" rel=\"noopener\">Cookie Policy<\/a><\/p>\n<h4>8) QUALI DIRITTI HA IN QUALITA\u2019 DI INTERESSATO (DIRITTO DI ACCESSO &#8211; DIRITTO DI RETTIFICA &#8211; DIRITTO DI LIMITAZIONE DEL TRATTAMENTO \u2013 DIRITTO ALLA PORTABILITA\u2019 DEI DATI \u2013 DIRITTO DI OPPOSIZIONE \u2013 REVOCARE IL CONSENSO \u2013 PROPORRE IL RECLAMO)<\/h4>\n<p>In relazione ai trattamenti descritti nella presente informativa, in qualit\u00e0 di interessato Lei potr\u00e0 alle condizioni previste dal GDPR, esercitare i diritti sanciti dagli art. da 15 a 21 del GPRR e, in particolare, i seguenti diritti:<\/p>\n<p>DIRITTO DI ACCESSO \u2013 articolo 15 GDPR: diritto di ottenere conferma che sia o meno in corso un trattamento di dati personali che La riguardano e, in tal caso ottenere l\u2019accesso ai Suoi dati personali \u2013 compresa una copia degli stessi \u2013 e la comunicazione, tra le altre, delle seguenti informazioni:<br \/>\nA) Finalit\u00e0 del Trattamento<br \/>\nB) Categorie di dati personali trattati<br \/>\nC) Destinatari cui questi dati sono stati o saranno comunicati<br \/>\nD) Periodo di conservazione dei dati o i criteri utilizzati<br \/>\nE) Diritti dell\u2019interessato (rettifica, cancellazione dei dati personali, limitazione del Trattamento e diritto di opposizione al Trattamento)<br \/>\nF) Diritto di proporre un reclamo<br \/>\nG) Diritto di ricevere informazioni sulla origine dei dati personali qualora essi non siano stati raccolti presso l\u2019interessato<br \/>\nh) L\u2019esistenza di un processo decisionale autorizzato, compresa la profilazione;<\/p>\n<p>DIRITTO RETTIFICA \u2013 articolo 16 GDPR: diritto di ottenere, senza ingiustificato ritardo, la rettifica dei dati personali inesatti che La riguardano e\/o l\u2019integrazione dei dati personali incompleti;<\/p>\n<p>DIRITTO DI CANCELLAZIONE (diritto all\u2019oblio) \u2013 articolo 17 GDPR: diritto di ottenere senza ingiustificato ritardo, la cancellazione dei dati personali che La riguardano, quando:<br \/>\na) i dati non sono pi\u00f9 necessari rispetto alle finalit\u00e0 per cui sono stati raccolti o altrimenti trattati;<br \/>\nb) Lei ha revocato il Suo consenso e non sussiste alcun altro fondamento giuridico per il trattamento;<br \/>\nc) Lei si \u00e8 opposto con successo al trattamento dei dati personali;<br \/>\nd) i dati sono stati trattati illecitamente;<br \/>\ne) i dati devono essere cancellati per adempiere un obbligo legale;<br \/>\nf) i dati personali sono stati raccolti relativamente all\u2019offerta di servizi della Societ\u00e0 dell\u2019informazione di cui all\u2019articolo 8 , paragrafo 1 GDPR.<br \/>\nIl diritto alla cancellazione non si applica nella misura in cui il trattamento sia necessario per l\u2019adempimento di un obbligo legale o per l\u2019esecuzione di un controllo svolto nel pubblico interesse o per l\u2019accertamento, l\u2019esercizio o la difesa di un diritto in sede giudiziaria;<\/p>\n<p>DIRITTO DI LIMITAZIONE DI TRATTAMENTO \u2013 articolo 18 GDPR: diritto di ottenere la limitazione del trattamento, quando:<br \/>\na) l\u2019interessato contesta l\u2019esattezza dei dati personali;<br \/>\nb) Il trattamento \u00e8 illecito e l\u2019interessato si oppone alla cancellazione dei dati personali e chiede invece che ne sia limitato l\u2019utilizzo;<br \/>\nc) i dati personali sono necessari all\u2019interessato per l\u2019accertamento, l\u2019esercizio o la difesa di un diritto in sede giudiziaria;<br \/>\nd) l\u2019Interessato si \u00e8 opposto al trattamento in attesa della verifica in merito all\u2019eventuale prevalenza dei motivi legittimi del titolare del trattamento rispetto a quelli dell\u2019interessato;<\/p>\n<p>DIRITTO ALLA PORTABILITA\u2019 DEI DATI \u2013 articolo 20 GDPR: diritto di ricevere, in un formato strutturato, di uso comune e leggibile da un dispositivo automatico, i dati personali che La riguardano forniti al Titolare e il diritto di trasmetterli a un altro titolare senza impedimenti, qualora il trattamento si basi sul consenso e sia effettuato con mezzi automatizzati. Inoltre, il diritto di ottenere che i Suoi dati personali siano trasmessi direttamente dal Titolare ad altro titolare qualora ci\u00f2 sia tecnicamente fattibile;<\/p>\n<p>DIRITTO DI OPPOSIZIONE \u2013 articolo 21 GDPR: diritto di opporsi, in qualsiasi momento, al trattamento dei dati personali che La riguardano basati sula condizione di legittimit\u00e0 del legittimo interesse, compresa la profilazione, salvo che sussistano motivi legittimi per il Titolare di continuare il trattamento, l\u2019esercizio o la difesa di un diritto in sede giudiziaria;<\/p>\n<p>REVOCARE IL CONSENSO PRECEDENTEMENTE PRESTATO:<\/p>\n<p>PROPORRE RECLAMO all\u2019Autorit\u00e0 Garante per la protezione dei dati personali, Piazza di Montecitorio n. 121, 00186 Roma (RM)<\/p>\n<p>I diritti di cui sopra potranno essere esercitati, nei confronti del Titolare, contattando i riferimenti indicati nel precedente punto 1. Il Titolare provveder\u00e0 a prendere carico della Sua richiesta e a fornirle, senza ingiustificato ritardo e, comunque, al pi\u00f9 tardi entro un mese dal ricevimento della stessa, le informazioni relative all\u2019azione intrapresa riguardo alla Sua richiesta.<br \/>\nL\u2019esercizio dei Suoi diritti in qualit\u00e0 di interessato \u00e8 gratuito ai sensi dell\u2019articolo 12 GDPR. Tuttavia, nel caso di richieste manifestamente infondate o eccessive, anche per la loro ripetitivit\u00e0, il Titolare potrebbe addebitarle un contributo spese ragionevole, alla luce dei costi amministrativi sostenuti per gestire la Sua richiesta, o negare la soddisfazione della sua richiesta.<br \/>\nLa informiamo, infine, che il Titolare potr\u00e0 richiedere ulteriori informazioni necessarie a confermare l\u2019identit\u00e0 dell\u2019interessato<\/p>\n<p>Privacy Policy aggiornata a 28\/04\/ 2022<\/p>\n<p>.<\/p>\n<p>&nbsp;<\/p>\n","protected":false},"excerpt":{"rendered":"<p>Privacy Policy INFORMATIVA SULLA PRIVACY E SUL TRATTAMENTO DATI AI SENSI DEGLI ARTICOLI 13 E 14 Regolamento (UE) 2016\/679 La seguente informativa \u00e8 resa ai sensi del nuovo Regolamento (UE) 2016\/679 \u2013 codice in materia di protezione dei dati personali a coloro che interagiscono con i servizi web del sito\u00a0https:\/\/www.qualianomultiservizi.it L\u2019informativa \u00e8 resa solo per [&hellip;]<\/p>\n","protected":false},"author":1,"featured_media":0,"parent":0,"menu_order":0,"comment_status":"closed","ping_status":"open","template":"","meta":{"footnotes":""},"class_list":["post-3","page","type-page","status-publish","hentry"],"_links":{"self":[{"href":"https:\/\/qualianomultiservizi.it\/index.php\/wp-json\/wp\/v2\/pages\/3","targetHints":{"allow":["GET"]}}],"collection":[{"href":"https:\/\/qualianomultiservizi.it\/index.php\/wp-json\/wp\/v2\/pages"}],"about":[{"href":"https:\/\/qualianomultiservizi.it\/index.php\/wp-json\/wp\/v2\/types\/page"}],"author":[{"embeddable":true,"href":"https:\/\/qualianomultiservizi.it\/index.php\/wp-json\/wp\/v2\/users\/1"}],"replies":[{"embeddable":true,"href":"https:\/\/qualianomultiservizi.it\/index.php\/wp-json\/wp\/v2\/comments?post=3"}],"version-history":[{"count":7,"href":"https:\/\/qualianomultiservizi.it\/index.php\/wp-json\/wp\/v2\/pages\/3\/revisions"}],"predecessor-version":[{"id":629,"href":"https:\/\/qualianomultiservizi.it\/index.php\/wp-json\/wp\/v2\/pages\/3\/revisions\/629"}],"wp:attachment":[{"href":"https:\/\/qualianomultiservizi.it\/index.php\/wp-json\/wp\/v2\/media?parent=3"}],"curies":[{"name":"wp","href":"https:\/\/api.w.org\/{rel}","templated":true}]}}